{"id":26435,"date":"2026-01-24T15:53:02","date_gmt":"2026-01-24T13:53:02","guid":{"rendered":"https:\/\/marficonsulting.fi\/?page_id=26435"},"modified":"2026-02-26T15:51:31","modified_gmt":"2026-02-26T13:51:31","slug":"meista","status":"publish","type":"page","link":"https:\/\/marficonsulting.fi\/fr\/meista\/","title":{"rendered":"A propos de nous"},"content":{"rendered":"<div data-elementor-type=\"wp-page\" data-elementor-id=\"26435\" class=\"elementor elementor-26435\">\n\t\t\t\t\t\t<section class=\"elementor-section elementor-top-section elementor-element elementor-element-kgaw7to elementor-section-boxed elementor-section-height-default elementor-section-height-default\" data-id=\"kgaw7to\" data-element_type=\"section\" data-e-type=\"section\" data-settings=\"{&quot;background_background&quot;:&quot;classic&quot;,&quot;shape_divider_bottom&quot;:&quot;curve&quot;,&quot;shape_divider_bottom_negative&quot;:&quot;yes&quot;}\">\n\t\t\t\t\t\t\t<div class=\"elementor-background-overlay\"><\/div>\n\t\t\t\t\t\t<div class=\"elementor-shape elementor-shape-bottom\" aria-hidden=\"true\" data-negative=\"true\">\n\t\t\t<svg xmlns=\"http:\/\/www.w3.org\/2000\/svg\" viewbox=\"0 0 1000 100\" preserveaspectratio=\"none\">\n\t<path class=\"elementor-shape-fill\" d=\"M500,97C126.7,96.3,0.8,19.8,0,0v100l1000,0V1C1000,19.4,873.3,97.8,500,97z\"\/>\n<\/svg>\t\t<\/div>\n\t\t\t\t\t<div class=\"elementor-container elementor-column-gap-default\">\n\t\t\t\t\t<div class=\"elementor-column elementor-col-100 elementor-top-column elementor-element elementor-element-2005caa\" data-id=\"2005caa\" data-element_type=\"column\" data-e-type=\"column\">\n\t\t\t<div class=\"elementor-widget-wrap elementor-element-populated\">\n\t\t\t\t\t\t<div class=\"elementor-element elementor-element-429ccfb elementor-widget elementor-widget-heading\" data-id=\"429ccfb\" data-element_type=\"widget\" data-e-type=\"widget\" data-widget_type=\"heading.default\">\n\t\t\t\t<div class=\"elementor-widget-container\">\n\t\t\t\t\t<h1 class=\"elementor-heading-title elementor-size-xl\">Marfi Consulting Oy\n<\/h1>\t\t\t\t<\/div>\n\t\t\t\t<\/div>\n\t\t\t\t<section class=\"elementor-section elementor-inner-section elementor-element elementor-element-aa7e7d9 elementor-section-boxed elementor-section-height-default elementor-section-height-default\" data-id=\"aa7e7d9\" data-element_type=\"section\" data-e-type=\"section\" data-settings=\"{&quot;background_background&quot;:&quot;classic&quot;}\">\n\t\t\t\t\t\t<div class=\"elementor-container elementor-column-gap-default\">\n\t\t\t\t\t<div class=\"elementor-column elementor-col-100 elementor-inner-column elementor-element elementor-element-4580495\" data-id=\"4580495\" data-element_type=\"column\" data-e-type=\"column\">\n\t\t\t<div class=\"elementor-widget-wrap elementor-element-populated\">\n\t\t\t\t\t\t<div class=\"elementor-element elementor-element-3904c5a elementor-mobile-align-center elementor-align-center elementor-widget elementor-widget-button\" data-id=\"3904c5a\" data-element_type=\"widget\" data-e-type=\"widget\" data-widget_type=\"button.default\">\n\t\t\t\t<div class=\"elementor-widget-container\">\n\t\t\t\t\t\t\t\t\t<div class=\"elementor-button-wrapper\">\n\t\t\t\t\t<a class=\"elementor-button elementor-button-link elementor-size-sm\" href=\"#\">\n\t\t\t\t\t\t<span class=\"elementor-button-content-wrapper\">\n\t\t\t\t\t\t\t\t\t<span class=\"elementor-button-text\">Contactez nous<\/span>\n\t\t\t\t\t<\/span>\n\t\t\t\t\t<\/a>\n\t\t\t\t<\/div>\n\t\t\t\t\t\t\t\t<\/div>\n\t\t\t\t<\/div>\n\t\t\t\t\t<\/div>\n\t\t<\/div>\n\t\t\t\t\t<\/div>\n\t\t<\/section>\n\t\t\t\t<section class=\"elementor-section elementor-inner-section elementor-element elementor-element-7157884 elementor-section-boxed elementor-section-height-default elementor-section-height-default\" data-id=\"7157884\" data-element_type=\"section\" data-e-type=\"section\" data-settings=\"{&quot;background_background&quot;:&quot;classic&quot;}\">\n\t\t\t\t\t\t<div class=\"elementor-container elementor-column-gap-default\">\n\t\t\t\t\t<div class=\"elementor-column elementor-col-100 elementor-inner-column elementor-element elementor-element-0fe782f\" data-id=\"0fe782f\" data-element_type=\"column\" data-e-type=\"column\">\n\t\t\t<div class=\"elementor-widget-wrap elementor-element-populated\">\n\t\t\t\t\t\t<div class=\"elementor-element elementor-element-be6a2fc elementor-widget elementor-widget-image\" data-id=\"be6a2fc\" data-element_type=\"widget\" data-e-type=\"widget\" data-widget_type=\"image.default\">\n\t\t\t\t<div class=\"elementor-widget-container\">\n\t\t\t\t\t\t\t\t\t\t\t\t\t\t\t<img fetchpriority=\"high\" decoding=\"async\" width=\"1024\" height=\"683\" src=\"https:\/\/marficonsulting.fi\/wp-content\/uploads\/2026\/02\/two-business-1024x683.jpg\" class=\"attachment-large size-large wp-image-26674\" alt=\"\" srcset=\"https:\/\/marficonsulting.fi\/wp-content\/uploads\/2026\/02\/two-business-1024x683.jpg 1024w, https:\/\/marficonsulting.fi\/wp-content\/uploads\/2026\/02\/two-business-300x200.jpg 300w, https:\/\/marficonsulting.fi\/wp-content\/uploads\/2026\/02\/two-business-768x512.jpg 768w, https:\/\/marficonsulting.fi\/wp-content\/uploads\/2026\/02\/two-business-1536x1024.jpg 1536w, https:\/\/marficonsulting.fi\/wp-content\/uploads\/2026\/02\/two-business-2048x1365.jpg 2048w, https:\/\/marficonsulting.fi\/wp-content\/uploads\/2026\/02\/two-business-18x12.jpg 18w\" sizes=\"(max-width: 1024px) 100vw, 1024px\" \/>\t\t\t\t\t\t\t\t\t\t\t\t\t\t\t<\/div>\n\t\t\t\t<\/div>\n\t\t\t\t\t<\/div>\n\t\t<\/div>\n\t\t\t\t\t<\/div>\n\t\t<\/section>\n\t\t\t\t\t<\/div>\n\t\t<\/div>\n\t\t\t\t\t<\/div>\n\t\t<\/section>\n\t\t\t\t<section class=\"elementor-section elementor-top-section elementor-element elementor-element-bt1c4d1 elementor-section-content-middle elementor-section-boxed elementor-section-height-default elementor-section-height-default\" data-id=\"bt1c4d1\" data-element_type=\"section\" data-e-type=\"section\" data-settings=\"{&quot;background_background&quot;:&quot;slideshow&quot;,&quot;background_slideshow_gallery&quot;:[],&quot;background_slideshow_loop&quot;:&quot;yes&quot;,&quot;background_slideshow_slide_duration&quot;:5000,&quot;background_slideshow_slide_transition&quot;:&quot;fade&quot;,&quot;background_slideshow_transition_duration&quot;:500}\">\n\t\t\t\t\t\t<div class=\"elementor-container elementor-column-gap-default\">\n\t\t\t\t\t<div class=\"elementor-column elementor-col-100 elementor-top-column elementor-element elementor-element-3a6ef3b\" data-id=\"3a6ef3b\" data-element_type=\"column\" data-e-type=\"column\">\n\t\t\t<div class=\"elementor-widget-wrap elementor-element-populated\">\n\t\t\t\t\t\t<div class=\"elementor-element elementor-element-b7b261e elementor-widget elementor-widget-heading\" data-id=\"b7b261e\" data-element_type=\"widget\" data-e-type=\"widget\" data-widget_type=\"heading.default\">\n\t\t\t\t<div class=\"elementor-widget-container\">\n\t\t\t\t\t<h2 class=\"elementor-heading-title elementor-size-default\">Marfi Consulting Oy<\/h2>\t\t\t\t<\/div>\n\t\t\t\t<\/div>\n\t\t\t\t<div class=\"elementor-element elementor-element-ef75239 elementor-widget elementor-widget-heading\" data-id=\"ef75239\" data-element_type=\"widget\" data-e-type=\"widget\" data-widget_type=\"heading.default\">\n\t\t\t\t<div class=\"elementor-widget-container\">\n\t\t\t\t\t<h2 class=\"elementor-heading-title elementor-size-default\">A propos de nous<\/h2>\t\t\t\t<\/div>\n\t\t\t\t<\/div>\n\t\t\t\t<section class=\"elementor-section elementor-inner-section elementor-element elementor-element-fe01b2e elementor-section-full_width elementor-section-height-default elementor-section-height-default\" data-id=\"fe01b2e\" data-element_type=\"section\" data-e-type=\"section\">\n\t\t\t\t\t\t<div class=\"elementor-container elementor-column-gap-no\">\n\t\t\t\t\t<div class=\"elementor-column elementor-col-100 elementor-inner-column elementor-element elementor-element-c2d2191\" data-id=\"c2d2191\" data-element_type=\"column\" data-e-type=\"column\">\n\t\t\t<div class=\"elementor-widget-wrap elementor-element-populated\">\n\t\t\t\t\t\t<div class=\"elementor-element elementor-element-7bb298e elementor-widget elementor-widget-heading\" data-id=\"7bb298e\" data-element_type=\"widget\" data-e-type=\"widget\" data-widget_type=\"heading.default\">\n\t\t\t\t<div class=\"elementor-widget-container\">\n\t\t\t\t\t<h2 class=\"elementor-heading-title elementor-size-default\">MarfiConsulting Oy est une soci\u00e9t\u00e9 de conseil finlandaise qui fait office de pont entre la Finlande et le Maroc. Nous aidons les entreprises finlandaises et les acteurs publics \u00e0 exporter leurs produits et services au Maroc en leur fournissant des conseils d'experts, des analyses de march\u00e9 et la recherche de partenaires.<\/h2>\t\t\t\t<\/div>\n\t\t\t\t<\/div>\n\t\t\t\t<div class=\"elementor-element elementor-element-93e93ed elementor-widget elementor-widget-heading\" data-id=\"93e93ed\" data-element_type=\"widget\" data-e-type=\"widget\" data-widget_type=\"heading.default\">\n\t\t\t\t<div class=\"elementor-widget-container\">\n\t\t\t\t\t<h2 class=\"elementor-heading-title elementor-size-default\">Ce que nous faisons<\/h2>\t\t\t\t<\/div>\n\t\t\t\t<\/div>\n\t\t\t\t<div class=\"elementor-element elementor-element-dc8d20d elementor-widget elementor-widget-text-editor\" data-id=\"dc8d20d\" data-element_type=\"widget\" data-e-type=\"widget\" data-widget_type=\"text-editor.default\">\n\t\t\t\t<div class=\"elementor-widget-container\">\n\t\t\t\t\t\t\t\t\t<p>Nous offrons des services complets couvrant l'analyse de march\u00e9, la pr\u00e9paration et la coordination de projets, l'identification de partenaires et de cibles d'investissement, et la planification de projets d'investissement et de d\u00e9veloppement. Nous travaillons avec les secteurs priv\u00e9 et public afin de garantir la viabilit\u00e9 \u00e9conomique, op\u00e9rationnelle et culturelle des projets.<\/p>\t\t\t\t\t\t\t\t<\/div>\n\t\t\t\t<\/div>\n\t\t\t\t<div class=\"elementor-element elementor-element-075bf04 elementor-widget elementor-widget-heading\" data-id=\"075bf04\" data-element_type=\"widget\" data-e-type=\"widget\" data-widget_type=\"heading.default\">\n\t\t\t\t<div class=\"elementor-widget-container\">\n\t\t\t\t\t<h2 class=\"elementor-heading-title elementor-size-default\">Comment les entreprises finlandaises peuvent-elles participer ?<\/h2>\t\t\t\t<\/div>\n\t\t\t\t<\/div>\n\t\t\t\t<div class=\"elementor-element elementor-element-f16ef5e elementor-widget elementor-widget-text-editor\" data-id=\"f16ef5e\" data-element_type=\"widget\" data-e-type=\"widget\" data-widget_type=\"text-editor.default\">\n\t\t\t\t<div class=\"elementor-widget-container\">\n\t\t\t\t\t\t\t\t\t<p>Les entreprises finlandaises peuvent soumettre une demande en remplissant le formulaire sur notre site web marficonsulting.fi. Le formulaire permet \u00e0 l'entreprise d'indiquer son produit ou service et MarfiConsulting Oy \u00e9valuera les opportunit\u00e9s, planifiera l'exportation vers le Maroc et repr\u00e9sentera l'entreprise sur le march\u00e9 local.<\/p>\t\t\t\t\t\t\t\t<\/div>\n\t\t\t\t<\/div>\n\t\t\t\t<div class=\"elementor-element elementor-element-a5df180 elementor-widget elementor-widget-heading\" data-id=\"a5df180\" data-element_type=\"widget\" data-e-type=\"widget\" data-widget_type=\"heading.default\">\n\t\t\t\t<div class=\"elementor-widget-container\">\n\t\t\t\t\t<h2 class=\"elementor-heading-title elementor-size-default\">Notre expertise<\/h2>\t\t\t\t<\/div>\n\t\t\t\t<\/div>\n\t\t\t\t<div class=\"elementor-element elementor-element-d04643c elementor-widget elementor-widget-text-editor\" data-id=\"d04643c\" data-element_type=\"widget\" data-e-type=\"widget\" data-widget_type=\"text-editor.default\">\n\t\t\t\t<div class=\"elementor-widget-container\">\n\t\t\t\t\t\t\t\t\t<p>Une connaissance locale approfondie des environnements commerciaux, des r\u00e9glementations et des cultures finlandaise et marocaine est au c\u0153ur de nos activit\u00e9s. Nous combinons une vision strat\u00e9gique avec une mise en \u0153uvre pratique en tirant parti de nos vastes r\u00e9seaux locaux et de notre compr\u00e9hension des processus de prise de d\u00e9cision dans les deux pays.<\/p>\t\t\t\t\t\t\t\t<\/div>\n\t\t\t\t<\/div>\n\t\t\t\t<div class=\"elementor-element elementor-element-4dce079 elementor-widget elementor-widget-heading\" data-id=\"4dce079\" data-element_type=\"widget\" data-e-type=\"widget\" data-widget_type=\"heading.default\">\n\t\t\t\t<div class=\"elementor-widget-container\">\n\t\t\t\t\t<h2 class=\"elementor-heading-title elementor-size-default\">Comment nous travaillons<\/h2>\t\t\t\t<\/div>\n\t\t\t\t<\/div>\n\t\t\t\t<div class=\"elementor-element elementor-element-d0c3d0a elementor-widget elementor-widget-text-editor\" data-id=\"d0c3d0a\" data-element_type=\"widget\" data-e-type=\"widget\" data-widget_type=\"text-editor.default\">\n\t\t\t\t<div class=\"elementor-widget-container\">\n\t\t\t\t\t\t\t\t\t<p>Nous menons les projets de l'id\u00e9e \u00e0 la mise en \u0153uvre. Nous aidons nos clients \u00e0 identifier les partenaires et les sites, \u00e0 n\u00e9gocier, \u00e0 planifier et \u00e0 g\u00e9rer les parties prenantes. Nous servons de lien fiable entre les diff\u00e9rentes parties et assurons une coop\u00e9ration harmonieuse tout au long du cycle de vie du projet.<\/p>\t\t\t\t\t\t\t\t<\/div>\n\t\t\t\t<\/div>\n\t\t\t\t<div class=\"elementor-element elementor-element-aa976a2 elementor-widget elementor-widget-heading\" data-id=\"aa976a2\" data-element_type=\"widget\" data-e-type=\"widget\" data-widget_type=\"heading.default\">\n\t\t\t\t<div class=\"elementor-widget-container\">\n\t\t\t\t\t<h2 class=\"elementor-heading-title elementor-size-default\">Notre promesse<\/h2>\t\t\t\t<\/div>\n\t\t\t\t<\/div>\n\t\t\t\t<div class=\"elementor-element elementor-element-ef253b3 elementor-widget elementor-widget-text-editor\" data-id=\"ef253b3\" data-element_type=\"widget\" data-e-type=\"widget\" data-widget_type=\"text-editor.default\">\n\t\t\t\t<div class=\"elementor-widget-container\">\n\t\t\t\t\t\t\t\t\t<p>MarfiConsulting Oy offre aux entreprises finlandaises clart\u00e9, certitude et efficacit\u00e9 dans les affaires internationales. Nous construisons des partenariats \u00e0 long terme et aidons nos clients \u00e0 r\u00e9duire les risques et \u00e0 obtenir des r\u00e9sultats tangibles et durables sur le march\u00e9 marocain.<\/p>\t\t\t\t\t\t\t\t<\/div>\n\t\t\t\t<\/div>\n\t\t\t\t<div class=\"elementor-element elementor-element-3ec8940 elementor-align-center elementor-mobile-align-center elementor-widget elementor-widget-button\" data-id=\"3ec8940\" data-element_type=\"widget\" data-e-type=\"widget\" data-widget_type=\"button.default\">\n\t\t\t\t<div class=\"elementor-widget-container\">\n\t\t\t\t\t\t\t\t\t<div class=\"elementor-button-wrapper\">\n\t\t\t\t\t<a class=\"elementor-button elementor-button-link elementor-size-sm\" href=\"https:\/\/marficonsulting.fi\/fr\/contact\/\">\n\t\t\t\t\t\t<span class=\"elementor-button-content-wrapper\">\n\t\t\t\t\t\t\t\t\t<span class=\"elementor-button-text\">Contactez nous<\/span>\n\t\t\t\t\t<\/span>\n\t\t\t\t\t<\/a>\n\t\t\t\t<\/div>\n\t\t\t\t\t\t\t\t<\/div>\n\t\t\t\t<\/div>\n\t\t\t\t\t<\/div>\n\t\t<\/div>\n\t\t\t\t\t<\/div>\n\t\t<\/section>\n\t\t\t\t\t<\/div>\n\t\t<\/div>\n\t\t\t\t\t<\/div>\n\t\t<\/section>\n\t\t\t\t<\/div>","protected":false},"excerpt":{"rendered":"<p>Marfi Consulting Oy Ota yhteytt\u00e4 Marfi Consulting Oy Meist\u00e4 MarfiConsulting Oy on suomalainen konsulttiyhti\u00f6, joka toimii sillanrakentajana Suomen ja Marokon v\u00e4lill\u00e4. Autamme suomalaisia yrityksi\u00e4 ja julkisia toimijoita viem\u00e4\u00e4n tuotteitaan ja palveluitaan Marokkoon tarjoamalla asiantuntevaa neuvontaa, markkina-analyysi\u00e4 ja kumppaninhakua. Mit\u00e4 teemme Tarjoamme kokonaisvaltaisia palveluja, jotka kattavat markkina-analyysin, projektien valmistelun ja koordinoinnin, kumppanien ja sijoituskohteiden tunnistamisen sek\u00e4 [&hellip;]<\/p>\n","protected":false},"author":1,"featured_media":0,"parent":0,"menu_order":0,"comment_status":"closed","ping_status":"closed","template":"elementor_header_footer","meta":{"site-sidebar-layout":"no-sidebar","site-content-layout":"page-builder","ast-site-content-layout":"full-width-container","site-content-style":"default","site-sidebar-style":"default","ast-global-header-display":"","ast-banner-title-visibility":"","ast-main-header-display":"","ast-hfb-above-header-display":"","ast-hfb-below-header-display":"","ast-hfb-mobile-header-display":"","site-post-title":"","ast-breadcrumbs-content":"","ast-featured-img":"disabled","footer-sml-layout":"","ast-disable-related-posts":"","theme-transparent-header-meta":"","adv-header-id-meta":"","stick-header-meta":"","header-above-stick-meta":"","header-main-stick-meta":"","header-below-stick-meta":"","astra-migrate-meta-layouts":"set","ast-page-background-enabled":"default","ast-page-background-meta":{"desktop":{"background-color":"var(--ast-global-color-4)","background-image":"","background-repeat":"repeat","background-position":"center center","background-size":"auto","background-attachment":"scroll","background-type":"","background-media":"","overlay-type":"","overlay-color":"","overlay-opacity":"","overlay-gradient":""},"tablet":{"background-color":"","background-image":"","background-repeat":"repeat","background-position":"center center","background-size":"auto","background-attachment":"scroll","background-type":"","background-media":"","overlay-type":"","overlay-color":"","overlay-opacity":"","overlay-gradient":""},"mobile":{"background-color":"","background-image":"","background-repeat":"repeat","background-position":"center center","background-size":"auto","background-attachment":"scroll","background-type":"","background-media":"","overlay-type":"","overlay-color":"","overlay-opacity":"","overlay-gradient":""}},"ast-content-background-meta":{"desktop":{"background-color":"var(--ast-global-color-5)","background-image":"","background-repeat":"repeat","background-position":"center center","background-size":"auto","background-attachment":"scroll","background-type":"","background-media":"","overlay-type":"","overlay-color":"","overlay-opacity":"","overlay-gradient":""},"tablet":{"background-color":"var(--ast-global-color-5)","background-image":"","background-repeat":"repeat","background-position":"center center","background-size":"auto","background-attachment":"scroll","background-type":"","background-media":"","overlay-type":"","overlay-color":"","overlay-opacity":"","overlay-gradient":""},"mobile":{"background-color":"var(--ast-global-color-5)","background-image":"","background-repeat":"repeat","background-position":"center center","background-size":"auto","background-attachment":"scroll","background-type":"","background-media":"","overlay-type":"","overlay-color":"","overlay-opacity":"","overlay-gradient":""}},"footnotes":""},"class_list":["post-26435","page","type-page","status-publish","hentry"],"_links":{"self":[{"href":"https:\/\/marficonsulting.fi\/fr\/wp-json\/wp\/v2\/pages\/26435","targetHints":{"allow":["GET"]}}],"collection":[{"href":"https:\/\/marficonsulting.fi\/fr\/wp-json\/wp\/v2\/pages"}],"about":[{"href":"https:\/\/marficonsulting.fi\/fr\/wp-json\/wp\/v2\/types\/page"}],"author":[{"embeddable":true,"href":"https:\/\/marficonsulting.fi\/fr\/wp-json\/wp\/v2\/users\/1"}],"replies":[{"embeddable":true,"href":"https:\/\/marficonsulting.fi\/fr\/wp-json\/wp\/v2\/comments?post=26435"}],"version-history":[{"count":94,"href":"https:\/\/marficonsulting.fi\/fr\/wp-json\/wp\/v2\/pages\/26435\/revisions"}],"predecessor-version":[{"id":26811,"href":"https:\/\/marficonsulting.fi\/fr\/wp-json\/wp\/v2\/pages\/26435\/revisions\/26811"}],"wp:attachment":[{"href":"https:\/\/marficonsulting.fi\/fr\/wp-json\/wp\/v2\/media?parent=26435"}],"curies":[{"name":"wp","href":"https:\/\/api.w.org\/{rel}","templated":true}]}}