{"id":15,"date":"2026-01-22T13:49:10","date_gmt":"2026-01-22T11:49:10","guid":{"rendered":"https:\/\/marficonsulting.fi\/services\/"},"modified":"2026-02-05T12:15:07","modified_gmt":"2026-02-05T10:15:07","slug":"services","status":"publish","type":"page","link":"https:\/\/marficonsulting.fi\/fi\/services\/","title":{"rendered":"Videot"},"content":{"rendered":"\t\t<div data-elementor-type=\"wp-page\" data-elementor-id=\"15\" class=\"elementor elementor-15\">\n\t\t\t\t<div class=\"elementor-element elementor-element-93263f3 e-con-full e-flex e-con e-parent\" data-id=\"93263f3\" data-element_type=\"container\" data-e-type=\"container\" data-settings=\"{&quot;background_background&quot;:&quot;classic&quot;}\">\n\t\t<div class=\"elementor-element elementor-element-6c32ff7 e-con-full e-flex e-con e-child\" data-id=\"6c32ff7\" data-element_type=\"container\" data-e-type=\"container\">\n\t\t\t\t<div class=\"elementor-element elementor-element-888fcee elementor-widget__width-initial elementor-widget elementor-widget-heading\" data-id=\"888fcee\" data-element_type=\"widget\" data-e-type=\"widget\" data-widget_type=\"heading.default\">\n\t\t\t\t<div class=\"elementor-widget-container\">\n\t\t\t\t\t<h1 class=\"elementor-heading-title elementor-size-default\">Videot<\/h1>\t\t\t\t<\/div>\n\t\t\t\t<\/div>\n\t\t\t\t<\/div>\n\t\t\t\t<\/div>\n\t\t<div class=\"elementor-element elementor-element-4cb475b e-flex e-con-boxed e-con e-parent\" data-id=\"4cb475b\" data-element_type=\"container\" data-e-type=\"container\">\n\t\t\t\t\t<div class=\"e-con-inner\">\n\t\t<div class=\"elementor-element elementor-element-9741bfd e-con-full e-flex e-con e-child\" data-id=\"9741bfd\" data-element_type=\"container\" data-e-type=\"container\">\n\t\t\t\t<div class=\"elementor-element elementor-element-69bb2f7 elementor-widget elementor-widget-video\" data-id=\"69bb2f7\" data-element_type=\"widget\" data-e-type=\"widget\" data-settings=\"{&quot;youtube_url&quot;:&quot;https:\\\/\\\/youtu.be\\\/4YHuaa8Jr2A?si=CH5C7QZgBfNG3h1k&quot;,&quot;video_type&quot;:&quot;youtube&quot;,&quot;controls&quot;:&quot;yes&quot;}\" data-widget_type=\"video.default\">\n\t\t\t\t<div class=\"elementor-widget-container\">\n\t\t\t\t\t\t\t<div class=\"elementor-wrapper elementor-open-inline\">\n\t\t\t<div class=\"elementor-video\"><\/div>\t\t<\/div>\n\t\t\t\t\t\t<\/div>\n\t\t\t\t<\/div>\n\t\t\t\t<\/div>\n\t\t<div class=\"elementor-element elementor-element-458f621 e-con-full e-flex e-con e-child\" data-id=\"458f621\" data-element_type=\"container\" data-e-type=\"container\">\n\t\t\t\t<div class=\"elementor-element elementor-element-57ee7d9 elementor-widget elementor-widget-heading\" data-id=\"57ee7d9\" data-element_type=\"widget\" data-e-type=\"widget\" data-widget_type=\"heading.default\">\n\t\t\t\t<div class=\"elementor-widget-container\">\n\t\t\t\t\t<h4 class=\"elementor-heading-title elementor-size-default\">The Simple Genius of Morocco's Economic Rise<\/h4>\t\t\t\t<\/div>\n\t\t\t\t<\/div>\n\t\t\t\t<div class=\"elementor-element elementor-element-9dbc1b1 elementor-widget elementor-widget-text-editor\" data-id=\"9dbc1b1\" data-element_type=\"widget\" data-e-type=\"widget\" data-widget_type=\"text-editor.default\">\n\t\t\t\t<div class=\"elementor-widget-container\">\n\t\t\t\t\t\t\t\t\t<p>Over the past decade, Morocco has carried out one of the most dramatic economic shifts in Africa. It moved from an economy centered on farming and raw exports to a manufacturing and export hub. GDP took off, but sustaining that growth will depend on creating more jobs and moving up the value chain. Will Morocco be able to do this, or will it remain Europe\u2019s low-cost workshop?<\/p>\t\t\t\t\t\t\t\t<\/div>\n\t\t\t\t<\/div>\n\t\t\t\t<\/div>\n\t\t\t\t\t<\/div>\n\t\t\t\t<\/div>\n\t\t<div class=\"elementor-element elementor-element-19412c5 e-flex e-con-boxed e-con e-parent\" data-id=\"19412c5\" data-element_type=\"container\" data-e-type=\"container\">\n\t\t\t\t\t<div class=\"e-con-inner\">\n\t\t<div class=\"elementor-element elementor-element-9e76fdb e-con-full e-flex e-con e-child\" data-id=\"9e76fdb\" data-element_type=\"container\" data-e-type=\"container\">\n\t\t\t\t<div class=\"elementor-element elementor-element-6c7f7fd elementor-widget elementor-widget-video\" data-id=\"6c7f7fd\" data-element_type=\"widget\" data-e-type=\"widget\" data-settings=\"{&quot;youtube_url&quot;:&quot;https:\\\/\\\/youtu.be\\\/661pPmIGBjs?si=yvgLWRgcHDzoUbMA&quot;,&quot;video_type&quot;:&quot;youtube&quot;,&quot;controls&quot;:&quot;yes&quot;}\" data-widget_type=\"video.default\">\n\t\t\t\t<div class=\"elementor-widget-container\">\n\t\t\t\t\t\t\t<div class=\"elementor-wrapper elementor-open-inline\">\n\t\t\t<div class=\"elementor-video\"><\/div>\t\t<\/div>\n\t\t\t\t\t\t<\/div>\n\t\t\t\t<\/div>\n\t\t\t\t<\/div>\n\t\t<div class=\"elementor-element elementor-element-c60d486 e-con-full e-flex e-con e-child\" data-id=\"c60d486\" data-element_type=\"container\" data-e-type=\"container\">\n\t\t\t\t<div class=\"elementor-element elementor-element-fd47b8a elementor-widget elementor-widget-heading\" data-id=\"fd47b8a\" data-element_type=\"widget\" data-e-type=\"widget\" data-widget_type=\"heading.default\">\n\t\t\t\t<div class=\"elementor-widget-container\">\n\t\t\t\t\t<h4 class=\"elementor-heading-title elementor-size-default\">Ambassador Marjaana Sall Explores Finland-Morocco Business Opportunities<\/h4>\t\t\t\t<\/div>\n\t\t\t\t<\/div>\n\t\t\t\t<div class=\"elementor-element elementor-element-17b9645 elementor-widget elementor-widget-text-editor\" data-id=\"17b9645\" data-element_type=\"widget\" data-e-type=\"widget\" data-widget_type=\"text-editor.default\">\n\t\t\t\t<div class=\"elementor-widget-container\">\n\t\t\t\t\t\t\t\t\t<p>Marjaana Sall, Finland\u2019s Ambassador to Morocco, shared insights on hosting a cocktail ceremony ahead of a B2B seminar with CGEM in Casablanca. The event brought together a Finnish delegation, including companies and universities specializing in water management, to explore business partnerships. Scheduled for February 20, 2025, the seminar will focus on key sectors such as water, health, and digitalization, reinforcing Morocco\u2019s position as a regional leader in sustainable growth.<\/p>\t\t\t\t\t\t\t\t<\/div>\n\t\t\t\t<\/div>\n\t\t\t\t<\/div>\n\t\t\t\t\t<\/div>\n\t\t\t\t<\/div>\n\t\t<div class=\"elementor-element elementor-element-75b00a9 e-flex e-con-boxed e-con e-parent\" data-id=\"75b00a9\" data-element_type=\"container\" data-e-type=\"container\">\n\t\t\t\t\t<div class=\"e-con-inner\">\n\t\t<div class=\"elementor-element elementor-element-921beae e-con-full e-flex e-con e-child\" data-id=\"921beae\" data-element_type=\"container\" data-e-type=\"container\">\n\t\t\t\t<div class=\"elementor-element elementor-element-5797316 elementor-widget elementor-widget-video\" data-id=\"5797316\" data-element_type=\"widget\" data-e-type=\"widget\" data-settings=\"{&quot;youtube_url&quot;:&quot;https:\\\/\\\/youtu.be\\\/J7ycK9JH5Lo?si=R5WChjMld_gUjE3G&quot;,&quot;video_type&quot;:&quot;youtube&quot;,&quot;controls&quot;:&quot;yes&quot;}\" data-widget_type=\"video.default\">\n\t\t\t\t<div class=\"elementor-widget-container\">\n\t\t\t\t\t\t\t<div class=\"elementor-wrapper elementor-open-inline\">\n\t\t\t<div class=\"elementor-video\"><\/div>\t\t<\/div>\n\t\t\t\t\t\t<\/div>\n\t\t\t\t<\/div>\n\t\t\t\t<\/div>\n\t\t<div class=\"elementor-element elementor-element-ebf38e5 e-con-full e-flex e-con e-child\" data-id=\"ebf38e5\" data-element_type=\"container\" data-e-type=\"container\">\n\t\t\t\t<div class=\"elementor-element elementor-element-b5b3c81 elementor-widget elementor-widget-heading\" data-id=\"b5b3c81\" data-element_type=\"widget\" data-e-type=\"widget\" data-widget_type=\"heading.default\">\n\t\t\t\t<div class=\"elementor-widget-container\">\n\t\t\t\t\t<h4 class=\"elementor-heading-title elementor-size-default\">Invest in Morocco | Presented by Morocco Now<\/h4>\t\t\t\t<\/div>\n\t\t\t\t<\/div>\n\t\t\t\t<div class=\"elementor-element elementor-element-2d771ee elementor-widget elementor-widget-text-editor\" data-id=\"2d771ee\" data-element_type=\"widget\" data-e-type=\"widget\" data-widget_type=\"text-editor.default\">\n\t\t\t\t<div class=\"elementor-widget-container\">\n\t\t\t\t\t\t\t\t\t<p>From major ports to high speed trains and solar power &#8212; for the last 20 years, Morocco has been preparing the field to welcome international investment. As a gateway to a global consumer market of 1.5 billion, we explore how the Kingdom has established itself as a powerhouse in engineering, green energy and more.<\/p>\t\t\t\t\t\t\t\t<\/div>\n\t\t\t\t<\/div>\n\t\t\t\t<\/div>\n\t\t\t\t\t<\/div>\n\t\t\t\t<\/div>\n\t\t<div class=\"elementor-element elementor-element-9ffbd99 e-flex e-con-boxed e-con e-parent\" data-id=\"9ffbd99\" data-element_type=\"container\" data-e-type=\"container\">\n\t\t\t\t\t<div class=\"e-con-inner\">\n\t\t<div class=\"elementor-element elementor-element-16ebb2a e-con-full e-flex e-con e-child\" data-id=\"16ebb2a\" data-element_type=\"container\" data-e-type=\"container\">\n\t\t\t\t<div class=\"elementor-element elementor-element-de372aa elementor-widget elementor-widget-video\" data-id=\"de372aa\" data-element_type=\"widget\" data-e-type=\"widget\" data-settings=\"{&quot;youtube_url&quot;:&quot;https:\\\/\\\/youtu.be\\\/lw4JeBq0e5Y?si=mknCtj2FAJpZXUkH&quot;,&quot;video_type&quot;:&quot;youtube&quot;,&quot;controls&quot;:&quot;yes&quot;}\" data-widget_type=\"video.default\">\n\t\t\t\t<div class=\"elementor-widget-container\">\n\t\t\t\t\t\t\t<div class=\"elementor-wrapper elementor-open-inline\">\n\t\t\t<div class=\"elementor-video\"><\/div>\t\t<\/div>\n\t\t\t\t\t\t<\/div>\n\t\t\t\t<\/div>\n\t\t\t\t<\/div>\n\t\t<div class=\"elementor-element elementor-element-8202e29 e-con-full e-flex e-con e-child\" data-id=\"8202e29\" data-element_type=\"container\" data-e-type=\"container\">\n\t\t\t\t<div class=\"elementor-element elementor-element-af6161e elementor-widget elementor-widget-heading\" data-id=\"af6161e\" data-element_type=\"widget\" data-e-type=\"widget\" data-widget_type=\"heading.default\">\n\t\t\t\t<div class=\"elementor-widget-container\">\n\t\t\t\t\t<h4 class=\"elementor-heading-title elementor-size-default\">Team Finland Talks: Marokko ja Pohjois-Afrikka<\/h4>\t\t\t\t<\/div>\n\t\t\t\t<\/div>\n\t\t\t\t<div class=\"elementor-element elementor-element-768a9ab elementor-widget elementor-widget-text-editor\" data-id=\"768a9ab\" data-element_type=\"widget\" data-e-type=\"widget\" data-widget_type=\"text-editor.default\">\n\t\t\t\t<div class=\"elementor-widget-container\">\n\t\t\t\t\t\t\t\t\t<p>Marokon ja Pohjois-Afrikan markkinatilannetta ja mahdollisuuksia esittelev\u00e4t Suomen suurl\u00e4hettil\u00e4\u00e4n lis\u00e4ksi Business Finlandin ja Finnveran asiantuntijat.<\/p><p>\u00a0<\/p>\t\t\t\t\t\t\t\t<\/div>\n\t\t\t\t<\/div>\n\t\t\t\t<\/div>\n\t\t\t\t\t<\/div>\n\t\t\t\t<\/div>\n\t\t<div class=\"elementor-element elementor-element-8831b59 e-flex e-con-boxed e-con e-parent\" data-id=\"8831b59\" data-element_type=\"container\" data-e-type=\"container\">\n\t\t\t\t\t<div class=\"e-con-inner\">\n\t\t<div class=\"elementor-element elementor-element-c5e3b8b e-con-full e-flex e-con e-child\" data-id=\"c5e3b8b\" data-element_type=\"container\" data-e-type=\"container\">\n\t\t\t\t<div class=\"elementor-element elementor-element-4fe6d0c elementor-widget elementor-widget-video\" data-id=\"4fe6d0c\" data-element_type=\"widget\" data-e-type=\"widget\" data-settings=\"{&quot;youtube_url&quot;:&quot;https:\\\/\\\/youtu.be\\\/-aGcn560xgw?si=wpsHqFota_Ywyaam&quot;,&quot;video_type&quot;:&quot;youtube&quot;,&quot;controls&quot;:&quot;yes&quot;}\" data-widget_type=\"video.default\">\n\t\t\t\t<div class=\"elementor-widget-container\">\n\t\t\t\t\t\t\t<div class=\"elementor-wrapper elementor-open-inline\">\n\t\t\t<div class=\"elementor-video\"><\/div>\t\t<\/div>\n\t\t\t\t\t\t<\/div>\n\t\t\t\t<\/div>\n\t\t\t\t<\/div>\n\t\t<div class=\"elementor-element elementor-element-273eb00 e-con-full e-flex e-con e-child\" data-id=\"273eb00\" data-element_type=\"container\" data-e-type=\"container\">\n\t\t\t\t<div class=\"elementor-element elementor-element-bfe25cf elementor-widget elementor-widget-heading\" data-id=\"bfe25cf\" data-element_type=\"widget\" data-e-type=\"widget\" data-widget_type=\"heading.default\">\n\t\t\t\t<div class=\"elementor-widget-container\">\n\t\t\t\t\t<h4 class=\"elementor-heading-title elementor-size-default\">Marokko markkinana? Tervetuloa Team Finland Talks -webinaariin!<\/h4>\t\t\t\t<\/div>\n\t\t\t\t<\/div>\n\t\t\t\t<div class=\"elementor-element elementor-element-37aa135 elementor-widget elementor-widget-text-editor\" data-id=\"37aa135\" data-element_type=\"widget\" data-e-type=\"widget\" data-widget_type=\"text-editor.default\">\n\t\t\t\t<div class=\"elementor-widget-container\">\n\t\t\t\t\t\t\t\t\t<p>Miksi Marokko on kiinnostava markkina? Toimitusjohtaja Jari Kokkonen, SabriScan, suurl\u00e4hettil\u00e4s Pekka Hyv\u00f6nen ja Commercial Counsellor Jari Kaihari, Business Finland vinkkaavat.<\/p>\t\t\t\t\t\t\t\t<\/div>\n\t\t\t\t<\/div>\n\t\t\t\t<\/div>\n\t\t\t\t\t<\/div>\n\t\t\t\t<\/div>\n\t\t<div class=\"elementor-element elementor-element-099d652 e-flex e-con-boxed e-con e-parent\" data-id=\"099d652\" data-element_type=\"container\" data-e-type=\"container\">\n\t\t\t\t\t<div class=\"e-con-inner\">\n\t\t<div class=\"elementor-element elementor-element-4d865bd e-con-full e-flex e-con e-child\" data-id=\"4d865bd\" data-element_type=\"container\" data-e-type=\"container\">\n\t\t\t\t<div class=\"elementor-element elementor-element-47eee06 elementor-widget elementor-widget-video\" data-id=\"47eee06\" data-element_type=\"widget\" data-e-type=\"widget\" data-settings=\"{&quot;youtube_url&quot;:&quot;https:\\\/\\\/youtu.be\\\/Ff6lT2Ap8aY?si=Ret7nOVaGJHyRXZl&quot;,&quot;video_type&quot;:&quot;youtube&quot;,&quot;controls&quot;:&quot;yes&quot;}\" data-widget_type=\"video.default\">\n\t\t\t\t<div class=\"elementor-widget-container\">\n\t\t\t\t\t\t\t<div class=\"elementor-wrapper elementor-open-inline\">\n\t\t\t<div class=\"elementor-video\"><\/div>\t\t<\/div>\n\t\t\t\t\t\t<\/div>\n\t\t\t\t<\/div>\n\t\t\t\t<\/div>\n\t\t<div class=\"elementor-element elementor-element-c90f139 e-con-full e-flex e-con e-child\" data-id=\"c90f139\" data-element_type=\"container\" data-e-type=\"container\">\n\t\t\t\t<div class=\"elementor-element elementor-element-b35c186 elementor-widget elementor-widget-heading\" data-id=\"b35c186\" data-element_type=\"widget\" data-e-type=\"widget\" data-widget_type=\"heading.default\">\n\t\t\t\t<div class=\"elementor-widget-container\">\n\t\t\t\t\t<h4 class=\"elementor-heading-title elementor-size-default\">Team Finland -maajohtajan haastattelu: Suomen Rabatin-suurl\u00e4hettil\u00e4s Pekka Hyv\u00f6nen<\/h4>\t\t\t\t<\/div>\n\t\t\t\t<\/div>\n\t\t\t\t<div class=\"elementor-element elementor-element-722a8a1 elementor-widget elementor-widget-text-editor\" data-id=\"722a8a1\" data-element_type=\"widget\" data-e-type=\"widget\" data-widget_type=\"text-editor.default\">\n\t\t\t\t<div class=\"elementor-widget-container\">\n\t\t\t\t\t\t\t\t\t<p>Marokossa on toimiva, luottamusta her\u00e4tt\u00e4v\u00e4 j\u00e4rjestelm\u00e4, joka my\u00f6skin suomalaiselle yritykselle sopii oikein hyvin, sanoo suurl\u00e4hettil\u00e4s, Team Finland -maajohtaja Pekka Hyv\u00f6nen. H\u00e4n muistuttaa my\u00f6s, ett\u00e4 Marokossa on paljon ostovoimaa, joka toteutuu sen 35 miljoonan ihmisen kautta.<\/p>\t\t\t\t\t\t\t\t<\/div>\n\t\t\t\t<\/div>\n\t\t\t\t<\/div>\n\t\t\t\t\t<\/div>\n\t\t\t\t<\/div>\n\t\t<div class=\"elementor-element elementor-element-4afaeee e-flex e-con-boxed e-con e-parent\" data-id=\"4afaeee\" data-element_type=\"container\" data-e-type=\"container\">\n\t\t\t\t\t<div class=\"e-con-inner\">\n\t\t<div class=\"elementor-element elementor-element-4f66c6a e-con-full e-flex e-con e-child\" data-id=\"4f66c6a\" data-element_type=\"container\" data-e-type=\"container\">\n\t\t\t\t<div class=\"elementor-element elementor-element-fc2839a elementor-widget elementor-widget-video\" data-id=\"fc2839a\" data-element_type=\"widget\" data-e-type=\"widget\" data-settings=\"{&quot;youtube_url&quot;:&quot;https:\\\/\\\/youtu.be\\\/J1nskF_cQxs?si=VWz53Ndy_Uw6xE2T&quot;,&quot;video_type&quot;:&quot;youtube&quot;,&quot;controls&quot;:&quot;yes&quot;}\" data-widget_type=\"video.default\">\n\t\t\t\t<div class=\"elementor-widget-container\">\n\t\t\t\t\t\t\t<div class=\"elementor-wrapper elementor-open-inline\">\n\t\t\t<div class=\"elementor-video\"><\/div>\t\t<\/div>\n\t\t\t\t\t\t<\/div>\n\t\t\t\t<\/div>\n\t\t\t\t<\/div>\n\t\t<div class=\"elementor-element elementor-element-59c526d e-con-full e-flex e-con e-child\" data-id=\"59c526d\" data-element_type=\"container\" data-e-type=\"container\">\n\t\t\t\t<div class=\"elementor-element elementor-element-411f8ec elementor-widget elementor-widget-heading\" data-id=\"411f8ec\" data-element_type=\"widget\" data-e-type=\"widget\" data-widget_type=\"heading.default\">\n\t\t\t\t<div class=\"elementor-widget-container\">\n\t\t\t\t\t<h4 class=\"elementor-heading-title elementor-size-default\">Casablanca is\u00e4nn\u00f6i WAM Morocco 2026 -tapahtumaa, joka toimii Teollisuus 4.0:n n\u00e4yteikkunana.<\/h4>\t\t\t\t<\/div>\n\t\t\t\t<\/div>\n\t\t\t\t<div class=\"elementor-element elementor-element-d5d61a7 elementor-widget elementor-widget-heading\" data-id=\"d5d61a7\" data-element_type=\"widget\" data-e-type=\"widget\" data-widget_type=\"heading.default\">\n\t\t\t\t<div class=\"elementor-widget-container\">\n\t\t\t\t\t<h4 class=\"elementor-heading-title elementor-size-default\">Casablanca accueille le WAM Morocco 2026, vitrine de l\u2019Industrie 4.0<\/h4>\t\t\t\t<\/div>\n\t\t\t\t<\/div>\n\t\t\t\t<div class=\"elementor-element elementor-element-624f0ef elementor-widget elementor-widget-text-editor\" data-id=\"624f0ef\" data-element_type=\"widget\" data-e-type=\"widget\" data-widget_type=\"text-editor.default\">\n\t\t\t\t<div class=\"elementor-widget-container\">\n\t\t\t\t\t\t\t\t\t<p>\u00c0 l\u2019occasion du Salon mondial de la fabrication avanc\u00e9e et de la mobilit\u00e9 du futur (WAM Morocco), Redouane El Haloui, pr\u00e9sident de l\u2019APEBI, a appel\u00e9 \u00e0 une transformation num\u00e9rique profonde, collective et structur\u00e9e de l\u2019\u00e9conomie marocaine. Selon lui, la digitalisation ne peut plus \u00eatre abord\u00e9e comme une succession de solutions isol\u00e9es, mais comme un levier transversal irriguant l\u2019ensemble des cha\u00eenes de valeur industrielles, d\u00e9terminant pour la productivit\u00e9, la comp\u00e9titivit\u00e9 et la durabilit\u00e9 des entreprises.<\/p>\t\t\t\t\t\t\t\t<\/div>\n\t\t\t\t<\/div>\n\t\t\t\t<\/div>\n\t\t\t\t\t<\/div>\n\t\t\t\t<\/div>\n\t\t<div class=\"elementor-element elementor-element-a425ea0 e-flex e-con-boxed e-con e-parent\" data-id=\"a425ea0\" data-element_type=\"container\" data-e-type=\"container\">\n\t\t\t\t\t<div class=\"e-con-inner\">\n\t\t<div class=\"elementor-element elementor-element-72dfa1e e-con-full e-flex e-con e-child\" data-id=\"72dfa1e\" data-element_type=\"container\" data-e-type=\"container\">\n\t\t\t\t<div class=\"elementor-element elementor-element-8b9b6a6 elementor-widget elementor-widget-video\" data-id=\"8b9b6a6\" data-element_type=\"widget\" data-e-type=\"widget\" data-settings=\"{&quot;youtube_url&quot;:&quot;https:\\\/\\\/youtu.be\\\/UXx7efO4J4s?si=IvM2QzpLxnRL1auG&quot;,&quot;video_type&quot;:&quot;youtube&quot;,&quot;controls&quot;:&quot;yes&quot;}\" data-widget_type=\"video.default\">\n\t\t\t\t<div class=\"elementor-widget-container\">\n\t\t\t\t\t\t\t<div class=\"elementor-wrapper elementor-open-inline\">\n\t\t\t<div class=\"elementor-video\"><\/div>\t\t<\/div>\n\t\t\t\t\t\t<\/div>\n\t\t\t\t<\/div>\n\t\t\t\t<\/div>\n\t\t<div class=\"elementor-element elementor-element-31f1b3a e-con-full e-flex e-con e-child\" data-id=\"31f1b3a\" data-element_type=\"container\" data-e-type=\"container\">\n\t\t\t\t<div class=\"elementor-element elementor-element-d99c02f elementor-widget elementor-widget-heading\" data-id=\"d99c02f\" data-element_type=\"widget\" data-e-type=\"widget\" data-widget_type=\"heading.default\">\n\t\t\t\t<div class=\"elementor-widget-container\">\n\t\t\t\t\t<h4 class=\"elementor-heading-title elementor-size-default\">Marokon matkailu kasvaa vauhdilla \u2013 mutta mit\u00e4 tapahtuu seuraavaksi, voi yll\u00e4tt\u00e4\u00e4!<\/h4>\t\t\t\t<\/div>\n\t\t\t\t<\/div>\n\t\t\t\t<div class=\"elementor-element elementor-element-3549b31 elementor-widget elementor-widget-heading\" data-id=\"3549b31\" data-element_type=\"widget\" data-e-type=\"widget\" data-widget_type=\"heading.default\">\n\t\t\t\t<div class=\"elementor-widget-container\">\n\t\t\t\t\t<h4 class=\"elementor-heading-title elementor-size-default\">Morocco Tourism Big! But What Happens Next Will Shock You!<\/h4>\t\t\t\t<\/div>\n\t\t\t\t<\/div>\n\t\t\t\t<div class=\"elementor-element elementor-element-fc00922 elementor-widget elementor-widget-text-editor\" data-id=\"fc00922\" data-element_type=\"widget\" data-e-type=\"widget\" data-widget_type=\"text-editor.default\">\n\t\t\t\t<div class=\"elementor-widget-container\">\n\t\t\t\t\t\t\t\t\t<p data-start=\"11\" data-end=\"402\"><strong data-start=\"11\" data-end=\"110\">Marokon matkailuboomi ohittaa muun Afrikan \u2014 mutta se, mit\u00e4 seuraavaksi tapahtuu, voi yll\u00e4tt\u00e4\u00e4!<\/strong><br data-start=\"110\" data-end=\"113\" \/>Marokko el\u00e4\u00e4 historiallista matkailun nousukautta ja asemoituu nopeasti Afrikan johtavaksi matkakohteeksi. Luksustasoisista aavikkoel\u00e4myksist\u00e4 vilkkaisiin kaupunkeihin ja rikkaaseen kulttuuriperint\u00f6\u00f6n, Marokon matkailu p\u00e4ihitt\u00e4\u00e4 suuren osan mantereesta \u2014 ja maailma on pannut sen merkille.<\/p><p data-start=\"404\" data-end=\"614\" data-is-last-node=\"\" data-is-only-node=\"\">Kun Marokkoa koskevat uutiset nousevat t\u00e4n\u00e4\u00e4n maailmanlaajuisiksi trendeiksi, matkailijat, sijoittajat ja p\u00e4\u00e4tt\u00e4j\u00e4t esitt\u00e4v\u00e4t saman kysymyksen: <strong data-start=\"548\" data-end=\"614\" data-is-last-node=\"\">miten Marokko onnistui t\u00e4ss\u00e4 \u2014 ja mit\u00e4 on luvassa seuraavaksi?<\/strong><\/p>\t\t\t\t\t\t\t\t<\/div>\n\t\t\t\t<\/div>\n\t\t\t\t<\/div>\n\t\t\t\t\t<\/div>\n\t\t\t\t<\/div>\n\t\t\t\t<\/div>\n\t\t","protected":false},"excerpt":{"rendered":"<p>Videot The Simple Genius of Morocco&#8217;s Economic Rise Over the past decade, Morocco has carried out one of the most dramatic economic shifts in Africa. It moved from an economy centered on farming and raw exports to a manufacturing and export hub. GDP took off, but sustaining that growth will depend on creating more jobs [&hellip;]<\/p>\n","protected":false},"author":1,"featured_media":0,"parent":0,"menu_order":0,"comment_status":"closed","ping_status":"closed","template":"","meta":{"site-sidebar-layout":"no-sidebar","site-content-layout":"page-builder","ast-site-content-layout":"full-width-container","site-content-style":"unboxed","site-sidebar-style":"unboxed","ast-global-header-display":"","ast-banner-title-visibility":"","ast-main-header-display":"","ast-hfb-above-header-display":"","ast-hfb-below-header-display":"","ast-hfb-mobile-header-display":"","site-post-title":"disabled","ast-breadcrumbs-content":"","ast-featured-img":"disabled","footer-sml-layout":"","ast-disable-related-posts":"","theme-transparent-header-meta":"enabled","adv-header-id-meta":"","stick-header-meta":"","header-above-stick-meta":"","header-main-stick-meta":"","header-below-stick-meta":"","astra-migrate-meta-layouts":"set","ast-page-background-enabled":"default","ast-page-background-meta":{"desktop":{"background-color":"var(--ast-global-color-4)","background-image":"","background-repeat":"repeat","background-position":"center center","background-size":"auto","background-attachment":"scroll","background-type":"","background-media":"","overlay-type":"","overlay-color":"","overlay-opacity":"","overlay-gradient":""},"tablet":{"background-color":"","background-image":"","background-repeat":"repeat","background-position":"center center","background-size":"auto","background-attachment":"scroll","background-type":"","background-media":"","overlay-type":"","overlay-color":"","overlay-opacity":"","overlay-gradient":""},"mobile":{"background-color":"","background-image":"","background-repeat":"repeat","background-position":"center center","background-size":"auto","background-attachment":"scroll","background-type":"","background-media":"","overlay-type":"","overlay-color":"","overlay-opacity":"","overlay-gradient":""}},"ast-content-background-meta":{"desktop":{"background-color":"var(--ast-global-color-5)","background-image":"","background-repeat":"repeat","background-position":"center center","background-size":"auto","background-attachment":"scroll","background-type":"","background-media":"","overlay-type":"","overlay-color":"","overlay-opacity":"","overlay-gradient":""},"tablet":{"background-color":"var(--ast-global-color-5)","background-image":"","background-repeat":"repeat","background-position":"center center","background-size":"auto","background-attachment":"scroll","background-type":"","background-media":"","overlay-type":"","overlay-color":"","overlay-opacity":"","overlay-gradient":""},"mobile":{"background-color":"var(--ast-global-color-5)","background-image":"","background-repeat":"repeat","background-position":"center center","background-size":"auto","background-attachment":"scroll","background-type":"","background-media":"","overlay-type":"","overlay-color":"","overlay-opacity":"","overlay-gradient":""}},"footnotes":""},"class_list":["post-15","page","type-page","status-publish","hentry"],"_links":{"self":[{"href":"https:\/\/marficonsulting.fi\/fi\/wp-json\/wp\/v2\/pages\/15","targetHints":{"allow":["GET"]}}],"collection":[{"href":"https:\/\/marficonsulting.fi\/fi\/wp-json\/wp\/v2\/pages"}],"about":[{"href":"https:\/\/marficonsulting.fi\/fi\/wp-json\/wp\/v2\/types\/page"}],"author":[{"embeddable":true,"href":"https:\/\/marficonsulting.fi\/fi\/wp-json\/wp\/v2\/users\/1"}],"replies":[{"embeddable":true,"href":"https:\/\/marficonsulting.fi\/fi\/wp-json\/wp\/v2\/comments?post=15"}],"version-history":[{"count":79,"href":"https:\/\/marficonsulting.fi\/fi\/wp-json\/wp\/v2\/pages\/15\/revisions"}],"predecessor-version":[{"id":26671,"href":"https:\/\/marficonsulting.fi\/fi\/wp-json\/wp\/v2\/pages\/15\/revisions\/26671"}],"wp:attachment":[{"href":"https:\/\/marficonsulting.fi\/fi\/wp-json\/wp\/v2\/media?parent=15"}],"curies":[{"name":"wp","href":"https:\/\/api.w.org\/{rel}","templated":true}]}}